{"id":75,"date":"2023-12-14T15:02:28","date_gmt":"2023-12-14T15:02:28","guid":{"rendered":"https:\/\/www.paris-hotel-marmotel.com\/votre-hotel-a-paris\/"},"modified":"2023-12-21T16:05:07","modified_gmt":"2023-12-21T16:05:07","slug":"votre-hotel-a-paris","status":"publish","type":"page","link":"https:\/\/www.paris-hotel-marmotel.com\/en\/","title":{"rendered":"Your hotel in Paris"},"content":{"rendered":"<p style=\"text-align: center;\">Located in one of the most famous districts of Paris, between the Palais des Congr\u00e8s, La D\u00e9fense, and the Champs-\u00c9lys\u00e9es, a stone&#8217;s throw from the Arc de Triomphe, and just minutes away from the Louvre and Orsay museums, the<strong> 3-star Marmotel hotel<\/strong> will be delighted to welcome you for your next stay in the capital.<\/p>\n","protected":false},"excerpt":{"rendered":"<p>Located in one of the most famous districts of Paris, between the Palais des Congr\u00e8s, La D\u00e9fense, and the Champs-\u00c9lys\u00e9es, a stone&#8217;s throw from the Arc de Triomphe, and just minutes away from the Louvre and Orsay museums, the 3-star Marmotel hotel will be delighted to welcome you for your next stay in the capital.<\/p>\n","protected":false},"author":27,"featured_media":0,"parent":0,"menu_order":0,"comment_status":"closed","ping_status":"closed","template":"","meta":{"footnotes":""},"class_list":["post-75","page","type-page","status-publish","hentry"],"yoast_head":"<!-- This site is optimized with the Yoast SEO plugin v27.3 - https:\/\/yoast.com\/product\/yoast-seo-wordpress\/ -->\n<title>Your hotel in Paris - Marmotel Hotel<\/title>\n<meta name=\"robots\" content=\"index, follow, max-snippet:-1, max-image-preview:large, max-video-preview:-1\" \/>\n<link rel=\"canonical\" href=\"https:\/\/www.paris-hotel-marmotel.com\/en\/\" \/>\n<meta property=\"og:locale\" content=\"en_US\" \/>\n<meta property=\"og:type\" content=\"article\" \/>\n<meta property=\"og:title\" content=\"Your hotel in Paris - Marmotel Hotel\" \/>\n<meta property=\"og:description\" content=\"Located in one of the most famous districts of Paris, between the Palais des Congr\u00e8s, La D\u00e9fense, and the Champs-\u00c9lys\u00e9es, a stone&#8217;s throw from the Arc de Triomphe, and just minutes away from the Louvre and Orsay museums, the 3-star Marmotel hotel will be delighted to welcome you for your next stay in the capital.\" \/>\n<meta property=\"og:url\" content=\"https:\/\/www.paris-hotel-marmotel.com\/en\/\" \/>\n<meta property=\"og:site_name\" content=\"Marmotel Hotel\" \/>\n<meta property=\"article:modified_time\" content=\"2023-12-21T16:05:07+00:00\" \/>\n<meta name=\"twitter:card\" content=\"summary_large_image\" \/>\n<script type=\"application\/ld+json\" class=\"yoast-schema-graph\">{\"@context\":\"https:\\\/\\\/schema.org\",\"@graph\":[{\"@type\":\"WebPage\",\"@id\":\"https:\\\/\\\/www.paris-hotel-marmotel.com\\\/en\\\/\",\"url\":\"https:\\\/\\\/www.paris-hotel-marmotel.com\\\/en\\\/\",\"name\":\"Your hotel in Paris - Marmotel Hotel\",\"isPartOf\":{\"@id\":\"https:\\\/\\\/www.paris-hotel-marmotel.com\\\/en\\\/#website\"},\"datePublished\":\"2023-12-14T15:02:28+00:00\",\"dateModified\":\"2023-12-21T16:05:07+00:00\",\"breadcrumb\":{\"@id\":\"https:\\\/\\\/www.paris-hotel-marmotel.com\\\/en\\\/#breadcrumb\"},\"inLanguage\":\"en-US\",\"potentialAction\":[{\"@type\":\"ReadAction\",\"target\":[\"https:\\\/\\\/www.paris-hotel-marmotel.com\\\/en\\\/\"]}]},{\"@type\":\"BreadcrumbList\",\"@id\":\"https:\\\/\\\/www.paris-hotel-marmotel.com\\\/en\\\/#breadcrumb\",\"itemListElement\":[{\"@type\":\"ListItem\",\"position\":1,\"name\":\"Home\",\"item\":\"https:\\\/\\\/www.paris-hotel-marmotel.com\\\/en\\\/\"},{\"@type\":\"ListItem\",\"position\":2,\"name\":\"Your hotel in Paris\"}]},{\"@type\":\"WebSite\",\"@id\":\"https:\\\/\\\/www.paris-hotel-marmotel.com\\\/en\\\/#website\",\"url\":\"https:\\\/\\\/www.paris-hotel-marmotel.com\\\/en\\\/\",\"name\":\"Marmotel Hotel\",\"description\":\"\",\"potentialAction\":[{\"@type\":\"SearchAction\",\"target\":{\"@type\":\"EntryPoint\",\"urlTemplate\":\"https:\\\/\\\/www.paris-hotel-marmotel.com\\\/en\\\/?s={search_term_string}\"},\"query-input\":{\"@type\":\"PropertyValueSpecification\",\"valueRequired\":true,\"valueName\":\"search_term_string\"}}],\"inLanguage\":\"en-US\"}]}<\/script>\n<!-- \/ Yoast SEO plugin. -->","yoast_head_json":{"title":"Your hotel in Paris - Marmotel Hotel","robots":{"index":"index","follow":"follow","max-snippet":"max-snippet:-1","max-image-preview":"max-image-preview:large","max-video-preview":"max-video-preview:-1"},"canonical":"https:\/\/www.paris-hotel-marmotel.com\/en\/","og_locale":"en_US","og_type":"article","og_title":"Your hotel in Paris - Marmotel Hotel","og_description":"Located in one of the most famous districts of Paris, between the Palais des Congr\u00e8s, La D\u00e9fense, and the Champs-\u00c9lys\u00e9es, a stone&#8217;s throw from the Arc de Triomphe, and just minutes away from the Louvre and Orsay museums, the 3-star Marmotel hotel will be delighted to welcome you for your next stay in the capital.","og_url":"https:\/\/www.paris-hotel-marmotel.com\/en\/","og_site_name":"Marmotel Hotel","article_modified_time":"2023-12-21T16:05:07+00:00","twitter_card":"summary_large_image","schema":{"@context":"https:\/\/schema.org","@graph":[{"@type":"WebPage","@id":"https:\/\/www.paris-hotel-marmotel.com\/en\/","url":"https:\/\/www.paris-hotel-marmotel.com\/en\/","name":"Your hotel in Paris - Marmotel Hotel","isPartOf":{"@id":"https:\/\/www.paris-hotel-marmotel.com\/en\/#website"},"datePublished":"2023-12-14T15:02:28+00:00","dateModified":"2023-12-21T16:05:07+00:00","breadcrumb":{"@id":"https:\/\/www.paris-hotel-marmotel.com\/en\/#breadcrumb"},"inLanguage":"en-US","potentialAction":[{"@type":"ReadAction","target":["https:\/\/www.paris-hotel-marmotel.com\/en\/"]}]},{"@type":"BreadcrumbList","@id":"https:\/\/www.paris-hotel-marmotel.com\/en\/#breadcrumb","itemListElement":[{"@type":"ListItem","position":1,"name":"Home","item":"https:\/\/www.paris-hotel-marmotel.com\/en\/"},{"@type":"ListItem","position":2,"name":"Your hotel in Paris"}]},{"@type":"WebSite","@id":"https:\/\/www.paris-hotel-marmotel.com\/en\/#website","url":"https:\/\/www.paris-hotel-marmotel.com\/en\/","name":"Marmotel Hotel","description":"","potentialAction":[{"@type":"SearchAction","target":{"@type":"EntryPoint","urlTemplate":"https:\/\/www.paris-hotel-marmotel.com\/en\/?s={search_term_string}"},"query-input":{"@type":"PropertyValueSpecification","valueRequired":true,"valueName":"search_term_string"}}],"inLanguage":"en-US"}]}},"acf":[],"_links":{"self":[{"href":"https:\/\/www.paris-hotel-marmotel.com\/en\/wp-json\/wp\/v2\/pages\/75","targetHints":{"allow":["GET"]}}],"collection":[{"href":"https:\/\/www.paris-hotel-marmotel.com\/en\/wp-json\/wp\/v2\/pages"}],"about":[{"href":"https:\/\/www.paris-hotel-marmotel.com\/en\/wp-json\/wp\/v2\/types\/page"}],"author":[{"embeddable":true,"href":"https:\/\/www.paris-hotel-marmotel.com\/en\/wp-json\/wp\/v2\/users\/27"}],"replies":[{"embeddable":true,"href":"https:\/\/www.paris-hotel-marmotel.com\/en\/wp-json\/wp\/v2\/comments?post=75"}],"version-history":[{"count":0,"href":"https:\/\/www.paris-hotel-marmotel.com\/en\/wp-json\/wp\/v2\/pages\/75\/revisions"}],"wp:attachment":[{"href":"https:\/\/www.paris-hotel-marmotel.com\/en\/wp-json\/wp\/v2\/media?parent=75"}],"curies":[{"name":"wp","href":"https:\/\/api.w.org\/{rel}","templated":true}]}}